{"id":191,"date":"2019-10-08T14:13:22","date_gmt":"2019-10-08T14:13:22","guid":{"rendered":"https:\/\/bridge261.qodeinteractive.com\/?page_id=191"},"modified":"2024-01-17T10:11:37","modified_gmt":"2024-01-17T10:11:37","slug":"hakkimda","status":"publish","type":"page","link":"https:\/\/yesimselcuk.com\/en\/hakkimda\/","title":{"rendered":"About me"},"content":{"rendered":"<div data-elementor-type=\"wp-page\" data-elementor-id=\"191\" class=\"elementor elementor-191\" data-elementor-post-type=\"page\">\n\t\t\t\t\t\t<section data-particle_enable=\"false\" data-particle-mobile-disabled=\"false\" class=\"elementor-section elementor-top-section elementor-element elementor-element-3247e80f animated-fast elementor-section-boxed elementor-section-height-default elementor-section-height-default parallax_section_no qode_elementor_container_no elementor-invisible\" data-id=\"3247e80f\" data-element_type=\"section\" data-settings=\"{&quot;background_background&quot;:&quot;classic&quot;,&quot;animation&quot;:&quot;fadeInDown&quot;}\">\n\t\t\t\t\t\t<div class=\"elementor-container elementor-column-gap-default\">\n\t\t\t\t\t<div class=\"elementor-column elementor-col-50 elementor-top-column elementor-element elementor-element-23f73032\" data-id=\"23f73032\" data-element_type=\"column\">\n\t\t\t<div class=\"elementor-widget-wrap elementor-element-populated\">\n\t\t\t\t\t\t<div class=\"elementor-element elementor-element-36b44a49 elementor-widget elementor-widget-image\" data-id=\"36b44a49\" data-element_type=\"widget\" data-widget_type=\"image.default\">\n\t\t\t\t<div class=\"elementor-widget-container\">\n\t\t\t\t\t\t\t\t\t\t\t\t\t<img fetchpriority=\"high\" decoding=\"async\" width=\"790\" height=\"791\" src=\"https:\/\/yesimselcuk.com\/wp-content\/uploads\/2020\/06\/portrait.png\" class=\"attachment-full size-full wp-image-468\" alt=\"Ye\u015fim Sel\u00e7uk Portre\" srcset=\"https:\/\/yesimselcuk.com\/wp-content\/uploads\/2020\/06\/portrait.png 790w, https:\/\/yesimselcuk.com\/wp-content\/uploads\/2020\/06\/portrait-300x300.png 300w, https:\/\/yesimselcuk.com\/wp-content\/uploads\/2020\/06\/portrait-150x150.png 150w, https:\/\/yesimselcuk.com\/wp-content\/uploads\/2020\/06\/portrait-768x769.png 768w, https:\/\/yesimselcuk.com\/wp-content\/uploads\/2020\/06\/portrait-570x570.png 570w, https:\/\/yesimselcuk.com\/wp-content\/uploads\/2020\/06\/portrait-500x500.png 500w, https:\/\/yesimselcuk.com\/wp-content\/uploads\/2020\/06\/portrait-700x701.png 700w\" sizes=\"(max-width: 790px) 100vw, 790px\" \/>\t\t\t\t\t\t\t\t\t\t\t\t\t<\/div>\n\t\t\t\t<\/div>\n\t\t\t\t\t<\/div>\n\t\t<\/div>\n\t\t\t\t<div class=\"elementor-column elementor-col-50 elementor-top-column elementor-element elementor-element-13cbddcf\" data-id=\"13cbddcf\" data-element_type=\"column\">\n\t\t\t<div class=\"elementor-widget-wrap elementor-element-populated\">\n\t\t\t\t\t\t<div class=\"elementor-element elementor-element-4fd81363 elementor-invisible elementor-widget elementor-widget-text-editor\" data-id=\"4fd81363\" data-element_type=\"widget\" data-settings=\"{&quot;_animation&quot;:&quot;pulse&quot;}\" data-widget_type=\"text-editor.default\">\n\t\t\t\t<div class=\"elementor-widget-container\">\n\t\t\t\t\t\t\t<h3>Clinical Psychologist\u00a0<\/h3><h3>Ye\u015fim Sel\u00e7uk<\/h3>\t\t\t\t\t\t<\/div>\n\t\t\t\t<\/div>\n\t\t\t\t<div class=\"elementor-element elementor-element-7d73288b elementor-widget elementor-widget-text-editor\" data-id=\"7d73288b\" data-element_type=\"widget\" data-widget_type=\"text-editor.default\">\n\t\t\t\t<div class=\"elementor-widget-container\">\n\t\t\t\t\t\t\t<p>Ye\u015fim Sel\u00e7uk is a passionate clinical psychologist who splits her time between clinical practice, training, consulting, writing, and educational programs.<\/p><p>\u00a0<\/p><p>She received her BA in Psychology from Istanbul University and successfully completed her qualification as a Clinical Psychologist from Okan University\u2019s Adult Oriented Clinical Psychology Program. As a part of her graduate program at Okan University, Ye\u015fim received training in Cognitive Behavioral Therapy (CBT) and conducted regular individual therapy sessions under the Okan University Psychology Support Unit\u2019s supervision. Additionally, she completed trainings in Gestalt Therapy, Schema Therapy, Family Therapy, Neuropsychological Tests, Mindfulness, and EMDR Trauma Therapy.<\/p><p>\u00a0<\/p><p>Following the successful completion of her graduate degree as a fully qualified clinical psychologist, Ye\u015fim worked at various medical centers, hospitals, private psychotherapy and counseling centers. She also designed structured group workshops for schools and workplaces and gave trainings to psychology interns.<\/p><p>\u00a0<\/p><p>Due to her special interest in addiction treatment, she joined the \"Addiction Prevention Studies Program\" in 2008. Her role in the program included conducting interactive trainings with adolescents in schools and carrying out structured group sessions with small student groups on a variety of topics such as bullying and \u201cSaying No\u201d, with the purpose of educating students on addiction prevention techniques. Additionally, from 2009 until 2013, she gave voluntary counseling to adolescents between the ages of 15 to 21 and conducted structured family meetings within the scope of the \"Young Spirit Project.\u201d<\/p><p>\u00a0<\/p><p>Between 2010 and 2012, Ye\u015fim successfully completed the \"Addiction Treatment Training Program\" at CAPA as an intern. As a part of her internship, she worked in the CAPA Addiction Service. During this time, Ye\u015fim also worked as a psychology assistant in a private consulting center. Following the completion of her internship, she began work as a clinical psychologist at the Psychiatry Polyclinic of CAPA and conducted individual psychotherapy sessions with clients under the direction of her Professor of Addiction Service for both inpatient and outpatient. From 2013 until 2018, she worked with Professor Ayhan Kalyoncu at various hospitals and his private practice.<\/p><p>\u00a0<\/p><p>In 2016, she became an expert psychologist in inpatient service at Moodist Psychiatry Hospital, taking responsibility in many areas from the establishment of the service program to the provision of individual interviews and group\/family meetings. She also led various training activities for the hospital\u2019s internship program.<\/p><p>\u00a0<\/p><p>In addition to her clinical expertise, she has gained a great deal of experience as a psychologist, trainer, supervisor, and project coordinator in various projects concerning vulnerable groups such as youth living in the streets, child laborers, refugees, LGBTI+, and women.<\/p><p>\u00a0<\/p><p>Some projects include: The 2015 Youth-For-Youth Project, where Ye\u015fim conducted interviews and gave trainings to economically and socially disadvantaged youth, their families, and their service providers. This was done under Maltepe University's Application and Research Center for Children Living and Working on the Streets (SOYA\u00c7) in collaboration with the Sultanbeyli District and was funded by the Istanbul Development Agency.<\/p><p>\u00a0<\/p><p>In 2015, she also worked as consultant for Sultanbeyli Municipality\u2019s \u201cBen de Var\u0131m\u201d Project. Ye\u015fim developed the project, created the grant proposal, and was awarded a grant by the Istanbul Development Agency.<\/p><p>\u00a0<\/p><p>From 2017 to 2019, she was a field coordinator for the psychosocial support area at the Social Policies, Gender Identity and Sexual Orientation Studies Association (SPoD). She carried out various activities in the field of mental health of LGBTIs such as giving trainings, supervising hotline moderators and \u201cComing Out\u201d group moderators, developing relations outside of the association, being part of the resource development team and project development team, and providing support for creating IEC materials.<\/p><p>\u00a0<\/p><p>During that period, she also worked as a project coordinator for the UNFPA-funded \u201cPsycho-Social Support for LGBTI Refugees in Istanbul Project\u201d of SPoD. She did general monitoring of psychosocial support activities of the project, gave individual psychotherapy sessions directly to the Syrian LGBTI refugees, especially GBV cases, and reported regularly to SPoD\u2019s general coordinator and the UNFPA. In addition, she worked on improving relations with service providers in the refugee field by attending capacity-building trainings, events, and working groups, such as the Istanbul Refugee Friendly Cities Working Group and the Istanbul Protection Group of UNHCR.<\/p><p>\u00a0<\/p><p>Furthermore, she took part in preparing online training videos for lawyers in a project that was conducted by the Field Coordinator for Access to Law and Justice Area of the SPoD and supported by the Consulate General of Sweden. She created and appeared in videos titled \u201cBasic Concepts of LGBTI Terminology\u201d and \u201cDiscirimination, Hate Speech, and Hate Crimes.\u201d<\/p><p>\u00a0<\/p><p>Between 2017 and 2018, she worked as the project coordinator of the SPoD in the European region of the \u201cKey Refugee Project\u201d which aimed to support vulnerable refugee groups to meet their vital protection needs and contribute protection services mechanisms. It was conducted by the SPoD, UNFPA, and other associations, and funded by the European Union Civil Support and Humanitarian Aid Office (ECHO). She provided support for the project application process of SPoD\u2019s implementing partnership with UNFPA and cooperated with all partners for structuring the project steps. In addition, Ye\u015fim was responsible for the establishment of refugee support centers, recruitment of employees, and preparing documents and training contents in the process of structuring the service units.<em>,<\/em> .<\/p><p>\u00a0<\/p><p class=\" translation-block\">Between 2019-2022, she completed Act Academy's \"A World Class Leadership\" Programme and designed and implemented the \u201cCooking Up With Dialogue Project\u201d with her co-educational friends. The Project aimed to increase community resilience, social cohesion, compassion, ecological connection and life quality through dialogue and connection between women from different ethnic backgrounds together over their cooking and eating activities. It is funded by The Consulate General of the Netherlands.<\/p><p>\u00a0<\/p><p>Between 2021-2023, she completed Somatic Experiencing Practitioner Training. After the 2023 earthquake, she conducted voluntary individual and group support with her colleagues from the Somatic Experiencing team for the survivors of the earthquake and the teams providing primary service to them. <span class=\"Apple-converted-space\">\u00a0<\/span><\/p><p>\u00a0<\/p><p class=\" translation-block\">Ye\u015fim\u2019s varied personal and professional experiences enable her to provide high quality, relevant, humanistic and culturally sensitive services to people living and working in intercultural environments. She is one of the instructors of SUGENDER at Sabanc\u0131 University. She continues sharing her knowledge and experience by providing trainings and seminars in educational institutions, associations and NGOs. She has also been an instructor and supervisor at SPoD since 2017.<\/p><p>\u00a0<\/p><p>Ye\u015fim Sel\u00e7uk continues providing psychotherapy sessions for teens and adults both online and face to face. In her psychotherapy practice, she adopts client-centered, humanistic, gender-sensitive and eclectic approaches.<span class=\"Apple-converted-space\">\u00a0<\/span><\/p><p>\u00a0<\/p><p>.<\/p><p>\u00a0<\/p>\t\t\t\t\t\t<\/div>\n\t\t\t\t<\/div>\n\t\t\t\t\t<\/div>\n\t\t<\/div>\n\t\t\t\t\t<\/div>\n\t\t<\/section>\n\t\t\t\t<\/div>","protected":false},"excerpt":{"rendered":"<p>Uzman Psikolog\u00a0 Ye\u015fim Sel\u00e7uk Ye\u015fim Sel\u00e7uk, \u0130stanbul \u00dcniversitesi Psikoloji B\u00f6l\u00fcm\u00fc ve Okan \u00dcniversitesi \u201cYeti\u015fkin Odakl\u0131 Klinik Psikoloji\u201d Y\u00fcksek Lisans Program\u0131 mezunudur. \u00a0 Lisans e\u011fitimi s\u0131ras\u0131nda \u015eema Modeli ve Teknikleri I. D\u00fczey E\u011fitimini tamamlam\u0131\u015f; y\u00fcksek lisans e\u011fitimi kapsam\u0131nda da Bili\u015fsel Davran\u0131\u015f\u00e7\u0131 Terapi konusunda e\u011fitim ve s\u00fcpervizyon&#8230;<\/p>","protected":false},"author":1,"featured_media":0,"parent":0,"menu_order":0,"comment_status":"closed","ping_status":"closed","template":"full_width.php","meta":{"_themeisle_gutenberg_block_has_review":false,"footnotes":""},"class_list":["post-191","page","type-page","status-publish","hentry"],"yoast_head":"<!-- This site is optimized with the Yoast SEO plugin v23.0 - https:\/\/yoast.com\/wordpress\/plugins\/seo\/ -->\n<title>Hakk\u0131mda - Uzman Psikolog Ye\u015fim Sel\u00e7uk<\/title>\n<meta name=\"description\" content=\"\u0130stanbul \u00dcniversitesi Psikoloji B\u00f6l\u00fcm\u00fc\u2019nde lisans, Okan \u00dcniversitesi \u201cYeti\u015fkin Odakl\u0131 Klinik Psikoloji Program\u0131\u201dnda y\u00fcksek lisans e\u011fitimini tamamlad\u0131.\" \/>\n<meta name=\"robots\" content=\"index, follow, max-snippet:-1, max-image-preview:large, max-video-preview:-1\" \/>\n<link rel=\"canonical\" href=\"https:\/\/yesimselcuk.com\/en\/hakkimda\/\" \/>\n<meta property=\"og:locale\" content=\"en_US\" \/>\n<meta property=\"og:type\" content=\"article\" \/>\n<meta property=\"og:title\" content=\"Hakk\u0131mda - Uzman Psikolog Ye\u015fim Sel\u00e7uk\" \/>\n<meta property=\"og:description\" content=\"\u0130stanbul \u00dcniversitesi Psikoloji B\u00f6l\u00fcm\u00fc\u2019nde lisans, Okan \u00dcniversitesi \u201cYeti\u015fkin Odakl\u0131 Klinik Psikoloji Program\u0131\u201dnda y\u00fcksek lisans e\u011fitimini tamamlad\u0131.\" \/>\n<meta property=\"og:url\" content=\"https:\/\/yesimselcuk.com\/en\/hakkimda\/\" \/>\n<meta property=\"og:site_name\" content=\"Uzman Psikolog Ye\u015fim Sel\u00e7uk\" \/>\n<meta property=\"article:publisher\" content=\"https:\/\/www.facebook.com\/bagimlilikuzmani\" \/>\n<meta property=\"article:modified_time\" content=\"2024-01-17T10:11:37+00:00\" \/>\n<meta property=\"og:image\" content=\"https:\/\/yesimselcuk.com\/wp-content\/uploads\/2020\/06\/portrait.png\" \/>\n<meta name=\"twitter:card\" content=\"summary_large_image\" \/>\n<meta name=\"twitter:site\" content=\"@bagimlilik_uzm\" \/>\n<meta name=\"twitter:label1\" content=\"Est. reading time\" \/>\n\t<meta name=\"twitter:data1\" content=\"6 minutes\" \/>\n<script type=\"application\/ld+json\" class=\"yoast-schema-graph\">{\"@context\":\"https:\/\/schema.org\",\"@graph\":[{\"@type\":\"WebPage\",\"@id\":\"https:\/\/yesimselcuk.com\/hakkimda\/\",\"url\":\"https:\/\/yesimselcuk.com\/hakkimda\/\",\"name\":\"Hakk\u0131mda - Uzman Psikolog Ye\u015fim Sel\u00e7uk\",\"isPartOf\":{\"@id\":\"https:\/\/yesimselcuk.com\/#website\"},\"primaryImageOfPage\":{\"@id\":\"https:\/\/yesimselcuk.com\/hakkimda\/#primaryimage\"},\"image\":{\"@id\":\"https:\/\/yesimselcuk.com\/hakkimda\/#primaryimage\"},\"thumbnailUrl\":\"https:\/\/yesimselcuk.com\/wp-content\/uploads\/2020\/06\/portrait.png\",\"datePublished\":\"2019-10-08T14:13:22+00:00\",\"dateModified\":\"2024-01-17T10:11:37+00:00\",\"description\":\"\u0130stanbul \u00dcniversitesi Psikoloji B\u00f6l\u00fcm\u00fc\u2019nde lisans, Okan \u00dcniversitesi \u201cYeti\u015fkin Odakl\u0131 Klinik Psikoloji Program\u0131\u201dnda y\u00fcksek lisans e\u011fitimini tamamlad\u0131.\",\"breadcrumb\":{\"@id\":\"https:\/\/yesimselcuk.com\/hakkimda\/#breadcrumb\"},\"inLanguage\":\"en-US\",\"potentialAction\":[{\"@type\":\"ReadAction\",\"target\":[\"https:\/\/yesimselcuk.com\/hakkimda\/\"]}]},{\"@type\":\"ImageObject\",\"inLanguage\":\"en-US\",\"@id\":\"https:\/\/yesimselcuk.com\/hakkimda\/#primaryimage\",\"url\":\"https:\/\/yesimselcuk.com\/wp-content\/uploads\/2020\/06\/portrait.png\",\"contentUrl\":\"https:\/\/yesimselcuk.com\/wp-content\/uploads\/2020\/06\/portrait.png\"},{\"@type\":\"BreadcrumbList\",\"@id\":\"https:\/\/yesimselcuk.com\/hakkimda\/#breadcrumb\",\"itemListElement\":[{\"@type\":\"ListItem\",\"position\":1,\"name\":\"Anasayfa\",\"item\":\"https:\/\/yesimselcuk.com\/\"},{\"@type\":\"ListItem\",\"position\":2,\"name\":\"Hakk\u0131mda\"}]},{\"@type\":\"WebSite\",\"@id\":\"https:\/\/yesimselcuk.com\/#website\",\"url\":\"https:\/\/yesimselcuk.com\/\",\"name\":\"Uzman Psikolog Ye\u015fim Sel\u00e7uk\",\"description\":\"\",\"publisher\":{\"@id\":\"https:\/\/yesimselcuk.com\/#organization\"},\"potentialAction\":[{\"@type\":\"SearchAction\",\"target\":{\"@type\":\"EntryPoint\",\"urlTemplate\":\"https:\/\/yesimselcuk.com\/?s={search_term_string}\"},\"query-input\":\"required name=search_term_string\"}],\"inLanguage\":\"en-US\"},{\"@type\":\"Organization\",\"@id\":\"https:\/\/yesimselcuk.com\/#organization\",\"name\":\"Ye\u015fim Sel\u00e7uk\",\"url\":\"https:\/\/yesimselcuk.com\/\",\"logo\":{\"@type\":\"ImageObject\",\"inLanguage\":\"en-US\",\"@id\":\"https:\/\/yesimselcuk.com\/#\/schema\/logo\/image\/\",\"url\":\"\",\"contentUrl\":\"\",\"caption\":\"Ye\u015fim Sel\u00e7uk\"},\"image\":{\"@id\":\"https:\/\/yesimselcuk.com\/#\/schema\/logo\/image\/\"},\"sameAs\":[\"https:\/\/www.facebook.com\/bagimlilikuzmani\",\"https:\/\/x.com\/bagimlilik_uzm\",\"https:\/\/www.instagram.com\/mymindfulday\",\"https:\/\/www.linkedin.com\/in\/yesimselcuk\",\"https:\/\/www.youtube.com\/channel\/UCMfOLPPKc3Ev5JNJjdnAYBA\"]}]}<\/script>\n<!-- \/ Yoast SEO plugin. -->","yoast_head_json":{"title":"Hakk\u0131mda - Uzman Psikolog Ye\u015fim Sel\u00e7uk","description":"\u0130stanbul \u00dcniversitesi Psikoloji B\u00f6l\u00fcm\u00fc\u2019nde lisans, Okan \u00dcniversitesi \u201cYeti\u015fkin Odakl\u0131 Klinik Psikoloji Program\u0131\u201dnda y\u00fcksek lisans e\u011fitimini tamamlad\u0131.","robots":{"index":"index","follow":"follow","max-snippet":"max-snippet:-1","max-image-preview":"max-image-preview:large","max-video-preview":"max-video-preview:-1"},"canonical":"https:\/\/yesimselcuk.com\/en\/hakkimda\/","og_locale":"en_US","og_type":"article","og_title":"Hakk\u0131mda - Uzman Psikolog Ye\u015fim Sel\u00e7uk","og_description":"\u0130stanbul \u00dcniversitesi Psikoloji B\u00f6l\u00fcm\u00fc\u2019nde lisans, Okan \u00dcniversitesi \u201cYeti\u015fkin Odakl\u0131 Klinik Psikoloji Program\u0131\u201dnda y\u00fcksek lisans e\u011fitimini tamamlad\u0131.","og_url":"https:\/\/yesimselcuk.com\/en\/hakkimda\/","og_site_name":"Uzman Psikolog Ye\u015fim Sel\u00e7uk","article_publisher":"https:\/\/www.facebook.com\/bagimlilikuzmani","article_modified_time":"2024-01-17T10:11:37+00:00","og_image":[{"url":"https:\/\/yesimselcuk.com\/wp-content\/uploads\/2020\/06\/portrait.png"}],"twitter_card":"summary_large_image","twitter_site":"@bagimlilik_uzm","twitter_misc":{"Est. reading time":"6 minutes"},"schema":{"@context":"https:\/\/schema.org","@graph":[{"@type":"WebPage","@id":"https:\/\/yesimselcuk.com\/hakkimda\/","url":"https:\/\/yesimselcuk.com\/hakkimda\/","name":"Hakk\u0131mda - Uzman Psikolog Ye\u015fim Sel\u00e7uk","isPartOf":{"@id":"https:\/\/yesimselcuk.com\/#website"},"primaryImageOfPage":{"@id":"https:\/\/yesimselcuk.com\/hakkimda\/#primaryimage"},"image":{"@id":"https:\/\/yesimselcuk.com\/hakkimda\/#primaryimage"},"thumbnailUrl":"https:\/\/yesimselcuk.com\/wp-content\/uploads\/2020\/06\/portrait.png","datePublished":"2019-10-08T14:13:22+00:00","dateModified":"2024-01-17T10:11:37+00:00","description":"\u0130stanbul \u00dcniversitesi Psikoloji B\u00f6l\u00fcm\u00fc\u2019nde lisans, Okan \u00dcniversitesi \u201cYeti\u015fkin Odakl\u0131 Klinik Psikoloji Program\u0131\u201dnda y\u00fcksek lisans e\u011fitimini tamamlad\u0131.","breadcrumb":{"@id":"https:\/\/yesimselcuk.com\/hakkimda\/#breadcrumb"},"inLanguage":"en-US","potentialAction":[{"@type":"ReadAction","target":["https:\/\/yesimselcuk.com\/hakkimda\/"]}]},{"@type":"ImageObject","inLanguage":"en-US","@id":"https:\/\/yesimselcuk.com\/hakkimda\/#primaryimage","url":"https:\/\/yesimselcuk.com\/wp-content\/uploads\/2020\/06\/portrait.png","contentUrl":"https:\/\/yesimselcuk.com\/wp-content\/uploads\/2020\/06\/portrait.png"},{"@type":"BreadcrumbList","@id":"https:\/\/yesimselcuk.com\/hakkimda\/#breadcrumb","itemListElement":[{"@type":"ListItem","position":1,"name":"Anasayfa","item":"https:\/\/yesimselcuk.com\/"},{"@type":"ListItem","position":2,"name":"Hakk\u0131mda"}]},{"@type":"WebSite","@id":"https:\/\/yesimselcuk.com\/#website","url":"https:\/\/yesimselcuk.com\/","name":"Uzman Psikolog Ye\u015fim Sel\u00e7uk","description":"","publisher":{"@id":"https:\/\/yesimselcuk.com\/#organization"},"potentialAction":[{"@type":"SearchAction","target":{"@type":"EntryPoint","urlTemplate":"https:\/\/yesimselcuk.com\/?s={search_term_string}"},"query-input":"required name=search_term_string"}],"inLanguage":"en-US"},{"@type":"Organization","@id":"https:\/\/yesimselcuk.com\/#organization","name":"Ye\u015fim Sel\u00e7uk","url":"https:\/\/yesimselcuk.com\/","logo":{"@type":"ImageObject","inLanguage":"en-US","@id":"https:\/\/yesimselcuk.com\/#\/schema\/logo\/image\/","url":"","contentUrl":"","caption":"Ye\u015fim Sel\u00e7uk"},"image":{"@id":"https:\/\/yesimselcuk.com\/#\/schema\/logo\/image\/"},"sameAs":["https:\/\/www.facebook.com\/bagimlilikuzmani","https:\/\/x.com\/bagimlilik_uzm","https:\/\/www.instagram.com\/mymindfulday","https:\/\/www.linkedin.com\/in\/yesimselcuk","https:\/\/www.youtube.com\/channel\/UCMfOLPPKc3Ev5JNJjdnAYBA"]}]}},"_links":{"self":[{"href":"https:\/\/yesimselcuk.com\/en\/wp-json\/wp\/v2\/pages\/191"}],"collection":[{"href":"https:\/\/yesimselcuk.com\/en\/wp-json\/wp\/v2\/pages"}],"about":[{"href":"https:\/\/yesimselcuk.com\/en\/wp-json\/wp\/v2\/types\/page"}],"author":[{"embeddable":true,"href":"https:\/\/yesimselcuk.com\/en\/wp-json\/wp\/v2\/users\/1"}],"replies":[{"embeddable":true,"href":"https:\/\/yesimselcuk.com\/en\/wp-json\/wp\/v2\/comments?post=191"}],"version-history":[{"count":43,"href":"https:\/\/yesimselcuk.com\/en\/wp-json\/wp\/v2\/pages\/191\/revisions"}],"predecessor-version":[{"id":1127,"href":"https:\/\/yesimselcuk.com\/en\/wp-json\/wp\/v2\/pages\/191\/revisions\/1127"}],"wp:attachment":[{"href":"https:\/\/yesimselcuk.com\/en\/wp-json\/wp\/v2\/media?parent=191"}],"curies":[{"name":"wp","href":"https:\/\/api.w.org\/{rel}","templated":true}]}}