{"id":225,"date":"2019-10-09T07:41:58","date_gmt":"2019-10-09T07:41:58","guid":{"rendered":"https:\/\/bridge261.qodeinteractive.com\/?page_id=225"},"modified":"2020-07-16T09:20:22","modified_gmt":"2020-07-16T09:20:22","slug":"iletisim","status":"publish","type":"page","link":"https:\/\/yesimselcuk.com\/en\/iletisim\/","title":{"rendered":"Contact"},"content":{"rendered":"<div data-elementor-type=\"wp-page\" data-elementor-id=\"225\" class=\"elementor elementor-225\" data-elementor-post-type=\"page\">\n\t\t\t\t\t\t<section data-particle_enable=\"false\" data-particle-mobile-disabled=\"false\" class=\"elementor-section elementor-top-section elementor-element elementor-element-112848f6 animated-fast elementor-section-boxed elementor-section-height-default elementor-section-height-default parallax_section_no qode_elementor_container_no elementor-invisible\" data-id=\"112848f6\" data-element_type=\"section\" data-settings=\"{&quot;animation&quot;:&quot;fadeInDown&quot;,&quot;animation_delay&quot;:300}\">\n\t\t\t\t\t\t<div class=\"elementor-container elementor-column-gap-default\">\n\t\t\t\t\t<div class=\"elementor-column elementor-col-100 elementor-top-column elementor-element elementor-element-24e8dac3\" data-id=\"24e8dac3\" data-element_type=\"column\">\n\t\t\t<div class=\"elementor-widget-wrap elementor-element-populated\">\n\t\t\t\t\t\t<div class=\"elementor-element elementor-element-1fefcad9 elementor-widget elementor-widget-heading\" data-id=\"1fefcad9\" data-element_type=\"widget\" data-widget_type=\"heading.default\">\n\t\t\t\t<div class=\"elementor-widget-container\">\n\t\t\t<h2 class=\"elementor-heading-title elementor-size-default\">Contact<\/h2>\t\t<\/div>\n\t\t\t\t<\/div>\n\t\t\t\t\t<\/div>\n\t\t<\/div>\n\t\t\t\t\t<\/div>\n\t\t<\/section>\n\t\t\t\t<section data-particle_enable=\"false\" data-particle-mobile-disabled=\"false\" class=\"elementor-section elementor-top-section elementor-element elementor-element-239e54a animated-fast elementor-section-boxed elementor-section-height-default elementor-section-height-default parallax_section_no qode_elementor_container_no elementor-invisible\" data-id=\"239e54a\" data-element_type=\"section\" data-settings=\"{&quot;animation&quot;:&quot;fadeInDown&quot;}\">\n\t\t\t\t\t\t<div class=\"elementor-container elementor-column-gap-default\">\n\t\t\t\t\t<div class=\"elementor-column elementor-col-50 elementor-top-column elementor-element elementor-element-bad8eeb\" data-id=\"bad8eeb\" data-element_type=\"column\">\n\t\t\t<div class=\"elementor-widget-wrap elementor-element-populated\">\n\t\t\t\t\t\t<div class=\"elementor-element elementor-element-fa0ce39 elementor-widget elementor-widget-image\" data-id=\"fa0ce39\" data-element_type=\"widget\" data-widget_type=\"image.default\">\n\t\t\t\t<div class=\"elementor-widget-container\">\n\t\t\t\t\t\t\t\t\t\t\t\t\t\t<a href=\"https:\/\/goo.gl\/maps\/ckfJkgNq62cTem7x9\" target=\"_blank\">\n\t\t\t\t\t\t\t<img fetchpriority=\"high\" decoding=\"async\" width=\"521\" height=\"521\" src=\"https:\/\/yesimselcuk.com\/wp-content\/uploads\/2020\/07\/Capture.png\" class=\"attachment-full size-full wp-image-680\" alt=\"Harita\" srcset=\"https:\/\/yesimselcuk.com\/wp-content\/uploads\/2020\/07\/Capture.png 521w, https:\/\/yesimselcuk.com\/wp-content\/uploads\/2020\/07\/Capture-300x300.png 300w, https:\/\/yesimselcuk.com\/wp-content\/uploads\/2020\/07\/Capture-150x150.png 150w, https:\/\/yesimselcuk.com\/wp-content\/uploads\/2020\/07\/Capture-500x500.png 500w\" sizes=\"(max-width: 521px) 100vw, 521px\" \/>\t\t\t\t\t\t\t\t<\/a>\n\t\t\t\t\t\t\t\t\t\t\t\t\t<\/div>\n\t\t\t\t<\/div>\n\t\t\t\t\t<\/div>\n\t\t<\/div>\n\t\t\t\t<div class=\"elementor-column elementor-col-50 elementor-top-column elementor-element elementor-element-5b1f918\" data-id=\"5b1f918\" data-element_type=\"column\">\n\t\t\t<div class=\"elementor-widget-wrap elementor-element-populated\">\n\t\t\t\t\t\t<section data-particle_enable=\"false\" data-particle-mobile-disabled=\"false\" class=\"elementor-section elementor-inner-section elementor-element elementor-element-b63dab3 elementor-section-boxed elementor-section-height-default elementor-section-height-default parallax_section_no qode_elementor_container_no\" data-id=\"b63dab3\" data-element_type=\"section\">\n\t\t\t\t\t\t<div class=\"elementor-container elementor-column-gap-default\">\n\t\t\t\t\t<div class=\"elementor-column elementor-col-100 elementor-inner-column elementor-element elementor-element-a82305f\" data-id=\"a82305f\" data-element_type=\"column\">\n\t\t\t<div class=\"elementor-widget-wrap elementor-element-populated\">\n\t\t\t\t\t\t<div class=\"elementor-element elementor-element-6882792 elementor-widget elementor-widget-text-editor\" data-id=\"6882792\" data-element_type=\"widget\" data-widget_type=\"text-editor.default\">\n\t\t\t\t<div class=\"elementor-widget-container\">\n\t\t\t\t\t\t\t<h4>Office<\/h4>\t\t\t\t\t\t<\/div>\n\t\t\t\t<\/div>\n\t\t\t\t<div class=\"elementor-element elementor-element-306351c elementor-widget elementor-widget-text-editor\" data-id=\"306351c\" data-element_type=\"widget\" data-widget_type=\"text-editor.default\">\n\t\t\t\t<div class=\"elementor-widget-container\">\n\t\t\t\t\t\t\t<p><a href=\"https:\/\/goo.gl\/maps\/nmszCD9vqxPb48Bo8\" target=\"_blank\" rel=\"noopener noreferrer\">Fulya Mahallesi, \u00a0Vefa Aral\u0131\u011f\u0131 Sokak<\/a><\/p><p><a href=\"https:\/\/goo.gl\/maps\/nmszCD9vqxPb48Bo8\" target=\"_blank\" rel=\"noopener noreferrer\">Orman Apt.\u00a0 No:\u00a02 \u00a0Daire:\u00a017<\/a><\/p><p><a href=\"https:\/\/goo.gl\/maps\/nmszCD9vqxPb48Bo8\" target=\"_blank\" rel=\"noopener noreferrer\">Gayrettepe\/ \u0130stanbul<\/a><\/p>\t\t\t\t\t\t<\/div>\n\t\t\t\t<\/div>\n\t\t\t\t<div class=\"elementor-element elementor-element-65dd967 elementor-widget elementor-widget-text-editor\" data-id=\"65dd967\" data-element_type=\"widget\" data-widget_type=\"text-editor.default\">\n\t\t\t\t<div class=\"elementor-widget-container\">\n\t\t\t\t\t\t\t<p>Phone: <a href=\"tel:05423179897\" target=\"_blank\" rel=\"noopener noreferrer\">0542 317 98 97<\/a><\/p>\t\t\t\t\t\t<\/div>\n\t\t\t\t<\/div>\n\t\t\t\t<div class=\"elementor-element elementor-element-04885df elementor-widget elementor-widget-text-editor\" data-id=\"04885df\" data-element_type=\"widget\" data-widget_type=\"text-editor.default\">\n\t\t\t\t<div class=\"elementor-widget-container\">\n\t\t\t\t\t\t\t<p>Email: <a href=\"mailto:iletisim@yesimselcuk.com\">iletisim@yesimselcuk.com<\/a><\/p>\t\t\t\t\t\t<\/div>\n\t\t\t\t<\/div>\n\t\t\t\t<div class=\"elementor-element elementor-element-059322c elementor-widget__width-auto elementor-widget elementor-widget-bridge_social_icons\" data-id=\"059322c\" data-element_type=\"widget\" data-widget_type=\"bridge_social_icons.default\">\n\t\t\t\t<div class=\"elementor-widget-container\">\n\t\t\t<span class='q_social_icon_holder normal_social' data-color=\"#333333\" data-hover-color=\"#ff6554\"><a itemprop='url' href='https:\/\/www.facebook.com\/bagimlilikuzmani\/' target='_blank'><span aria-hidden=\"true\" class=\"qode_icon_font_elegant social_facebook  simple_social\" style=\"color: #333333;margin: 0 2px 0 0;font-size: 18px;\" ><\/span><\/a><\/span>\t\t<\/div>\n\t\t\t\t<\/div>\n\t\t\t\t<div class=\"elementor-element elementor-element-dcc525a elementor-widget__width-auto elementor-widget elementor-widget-bridge_social_icons\" data-id=\"dcc525a\" data-element_type=\"widget\" data-widget_type=\"bridge_social_icons.default\">\n\t\t\t\t<div class=\"elementor-widget-container\">\n\t\t\t<span class='q_social_icon_holder normal_social' data-color=\"#333333\" data-hover-color=\"#ff6554\"><a itemprop='url' href='https:\/\/twitter.com\/bagimlilik_uzm' target='_blank'><span aria-hidden=\"true\" class=\"qode_icon_font_elegant social_twitter  simple_social\" style=\"color: #333333;margin: 0 2px 0 0;font-size: 18px;\" ><\/span><\/a><\/span>\t\t<\/div>\n\t\t\t\t<\/div>\n\t\t\t\t<div class=\"elementor-element elementor-element-7ffa5bf elementor-widget__width-auto elementor-widget elementor-widget-bridge_social_icons\" data-id=\"7ffa5bf\" data-element_type=\"widget\" data-widget_type=\"bridge_social_icons.default\">\n\t\t\t\t<div class=\"elementor-widget-container\">\n\t\t\t<span class='q_social_icon_holder normal_social' data-color=\"#333333\" data-hover-color=\"#ff6554\"><a itemprop='url' href='https:\/\/www.instagram.com\/mymindfulday\/' target='_blank'><span aria-hidden=\"true\" class=\"qode_icon_font_elegant social_instagram  simple_social\" style=\"color: #333333;margin: 0 2px 0 0;font-size: 18px;\" ><\/span><\/a><\/span>\t\t<\/div>\n\t\t\t\t<\/div>\n\t\t\t\t<div class=\"elementor-element elementor-element-69c237d elementor-widget__width-auto elementor-widget elementor-widget-bridge_social_icons\" data-id=\"69c237d\" data-element_type=\"widget\" data-widget_type=\"bridge_social_icons.default\">\n\t\t\t\t<div class=\"elementor-widget-container\">\n\t\t\t<span class='q_social_icon_holder normal_social' data-color=\"#333333\" data-hover-color=\"#ff6554\"><a itemprop='url' href='https:\/\/www.youtube.com\/channel\/UCMfOLPPKc3Ev5JNJjdnAYBA' target='_blank'><span aria-hidden=\"true\" class=\"qode_icon_font_elegant social_youtube  simple_social\" style=\"color: #333333;margin: 0 2px 0 0;font-size: 18px;\" ><\/span><\/a><\/span>\t\t<\/div>\n\t\t\t\t<\/div>\n\t\t\t\t<div class=\"elementor-element elementor-element-022a5ce elementor-widget__width-auto elementor-widget elementor-widget-bridge_social_icons\" data-id=\"022a5ce\" data-element_type=\"widget\" data-widget_type=\"bridge_social_icons.default\">\n\t\t\t\t<div class=\"elementor-widget-container\">\n\t\t\t<span class='q_social_icon_holder normal_social' data-color=\"#333333\" data-hover-color=\"#ff6554\"><a itemprop='url' href='https:\/\/www.linkedin.com\/in\/yesimselcuk\/' target='_blank'><span aria-hidden=\"true\" class=\"qode_icon_font_elegant social_linkedin  simple_social\" style=\"color: #333333;margin: 0 2px 0 0;font-size: 18px;\" ><\/span><\/a><\/span>\t\t<\/div>\n\t\t\t\t<\/div>\n\t\t\t\t\t<\/div>\n\t\t<\/div>\n\t\t\t\t\t<\/div>\n\t\t<\/section>\n\t\t\t\t\t<\/div>\n\t\t<\/div>\n\t\t\t\t\t<\/div>\n\t\t<\/section>\n\t\t\t\t<section data-particle_enable=\"false\" data-particle-mobile-disabled=\"false\" class=\"elementor-section elementor-top-section elementor-element elementor-element-5522f4b8 elementor-section-boxed elementor-section-height-default elementor-section-height-default parallax_section_no qode_elementor_container_no\" data-id=\"5522f4b8\" data-element_type=\"section\" data-settings=\"{&quot;background_background&quot;:&quot;classic&quot;}\">\n\t\t\t\t\t\t<div class=\"elementor-container elementor-column-gap-no\">\n\t\t\t\t\t<div class=\"elementor-column elementor-col-100 elementor-top-column elementor-element elementor-element-9d8ee27\" data-id=\"9d8ee27\" data-element_type=\"column\">\n\t\t\t<div class=\"elementor-widget-wrap elementor-element-populated\">\n\t\t\t\t\t\t<div class=\"elementor-element elementor-element-2cd547c2 elementor-widget elementor-widget-text-editor\" data-id=\"2cd547c2\" data-element_type=\"widget\" data-widget_type=\"text-editor.default\">\n\t\t\t\t<div class=\"elementor-widget-container\">\n\t\t\t\t\t\t\t<div class=\"elementor-element elementor-element-37f93fb elementor-widget elementor-widget-text-editor\" data-id=\"37f93fb\" data-element_type=\"widget\" data-widget_type=\"text-editor.default\"><div class=\"elementor-widget-container\"><div class=\"elementor-text-editor elementor-clearfix\"><h3>Contact me<\/h3><\/div><\/div><\/div>\t\t\t\t\t\t<\/div>\n\t\t\t\t<\/div>\n\t\t\t\t<div class=\"elementor-element elementor-element-6e9cedd9 elementor-widget elementor-widget-text-editor\" data-id=\"6e9cedd9\" data-element_type=\"widget\" data-widget_type=\"text-editor.default\">\n\t\t\t\t<div class=\"elementor-widget-container\">\n\t\t\t\t\t\t\t<h5 style=\"-webkit-tap-highlight-color: transparent !important; background: 0px 0px; border: 0px; margin: 0px; padding: 0px; vertical-align: baseline; outline: 0px; color: #000000; font-size: 18px; line-height: 30px; text-transform: none; letter-spacing: 0px; font-weight: bold; font-family: Comfortaa, sans-serif; font-style: normal; box-sizing: border-box;\"><span style=\"-webkit-tap-highlight-color: transparent !important; background: 0px 0px; border: 0px; margin: 0px; padding: 0px; vertical-align: baseline; outline: 0px; box-sizing: border-box; color: #555555; font-weight: 400;\">Please fill out the form below for information<\/span><\/h5>\t\t\t\t\t\t<\/div>\n\t\t\t\t<\/div>\n\t\t\t\t<div class=\"elementor-element elementor-element-6be3d9be elementor-widget elementor-widget-bridge_cf_7\" data-id=\"6be3d9be\" data-element_type=\"widget\" data-widget_type=\"bridge_cf_7.default\">\n\t\t\t\t<div class=\"elementor-widget-container\">\n\t\t\t    <div class=\"qode-contact-form-7 qode-contact-form-7-0\">\n    \n<div class=\"wpcf7 no-js\" id=\"wpcf7-f132-o1\" lang=\"en-US\" dir=\"ltr\">\n<div class=\"screen-reader-response\"><p role=\"status\" aria-live=\"polite\" aria-atomic=\"true\"><\/p> <ul><\/ul><\/div>\n<form action=\"\/en\/wp-json\/wp\/v2\/pages\/225#wpcf7-f132-o1\" method=\"post\" class=\"wpcf7-form init cf7_custom_style_1\" aria-label=\"Contact form\" novalidate=\"novalidate\" data-status=\"init\" data-trp-original-action=\"\/en\/wp-json\/wp\/v2\/pages\/225#wpcf7-f132-o1\">\n<div style=\"display: none;\">\n<input type=\"hidden\" name=\"_wpcf7\" value=\"132\" \/>\n<input type=\"hidden\" name=\"_wpcf7_version\" value=\"5.9.7\" \/>\n<input type=\"hidden\" name=\"_wpcf7_locale\" value=\"en_US\" \/>\n<input type=\"hidden\" name=\"_wpcf7_unit_tag\" value=\"wpcf7-f132-o1\" \/>\n<input type=\"hidden\" name=\"_wpcf7_container_post\" value=\"0\" \/>\n<input type=\"hidden\" name=\"_wpcf7_posted_data_hash\" value=\"\" \/>\n<\/div>\n<div class=\"two_columns_50_50 clearfix\">\n\t<div class=\"column1\">\n\t\t<div class=\"column_inner\">\n\t\t\t<p><span class=\"wpcf7-form-control-wrap\" data-name=\"first-name\"><input size=\"40\" maxlength=\"400\" class=\"wpcf7-form-control wpcf7-text wpcf7-validates-as-required\" aria-required=\"true\" aria-invalid=\"false\" placeholder=\"Name\" value=\"\" type=\"text\" name=\"first-name\" \/><\/span>\n\t\t\t<\/p>\n\t\t<\/div>\n\t<\/div>\n\t<div class=\"column2\">\n\t\t<div class=\"column_inner\">\n\t\t\t<p><span class=\"wpcf7-form-control-wrap\" data-name=\"last-name\"><input size=\"40\" maxlength=\"400\" class=\"wpcf7-form-control wpcf7-text wpcf7-validates-as-required\" aria-required=\"true\" aria-invalid=\"false\" placeholder=\"Surname\" value=\"\" type=\"text\" name=\"last-name\" \/><\/span>\n\t\t\t<\/p>\n\t\t<\/div>\n\t<\/div>\n\t<div class=\"column1\">\n\t\t<div class=\"column_inner\">\n\t\t\t<p><span class=\"wpcf7-form-control-wrap\" data-name=\"e-posta\"><input size=\"40\" maxlength=\"400\" class=\"wpcf7-form-control wpcf7-text wpcf7-validates-as-required\" aria-required=\"true\" aria-invalid=\"false\" placeholder=\"Email\" value=\"\" type=\"text\" name=\"e-posta\" \/><\/span>\n\t\t\t<\/p>\n\t\t<\/div>\n\t<\/div>\n\t<div class=\"column2\">\n\t\t<div class=\"column_inner\">\n\t\t\t<p><span class=\"wpcf7-form-control-wrap\" data-name=\"telefon\"><input size=\"40\" maxlength=\"400\" class=\"wpcf7-form-control wpcf7-text wpcf7-validates-as-required\" aria-required=\"true\" aria-invalid=\"false\" placeholder=\"Phone\" value=\"\" type=\"text\" name=\"telefon\" \/><\/span>\n\t\t\t<\/p>\n\t\t<\/div>\n\t<\/div>\n<\/div>\n<div>\n\t<p><span class=\"wpcf7-form-control-wrap\" data-name=\"your-message\"><textarea cols=\"40\" rows=\"10\" maxlength=\"2000\" class=\"wpcf7-form-control wpcf7-textarea wpcf7-validates-as-required\" aria-required=\"true\" aria-invalid=\"false\" placeholder=\"Your message\" name=\"your-message\"><\/textarea><\/span>\n\t<\/p>\n<\/div>\n<div style=\"text-align:center\">\n\t<p><input class=\"wpcf7-form-control wpcf7-submit has-spinner\" type=\"submit\" value=\"Send\" \/>\n\t<\/p>\n<\/div><div class=\"wpcf7-response-output\" aria-hidden=\"true\"><\/div>\n<input type=\"hidden\" name=\"trp-form-language\" value=\"en\"\/><\/form>\n<\/div>\n    <\/div>\n\t\t<\/div>\n\t\t\t\t<\/div>\n\t\t\t\t\t<\/div>\n\t\t<\/div>\n\t\t\t\t\t<\/div>\n\t\t<\/section>\n\t\t\t\t<\/div>","protected":false},"excerpt":{"rendered":"<p>\u0130leti\u015fim Ofis Fulya Mahallesi, &nbsp;Vefa Aral\u0131\u011f\u0131 Sokak Orman Apt.&nbsp; No:&nbsp;2 &nbsp;Daire:&nbsp;17 Gayrettepe\/ \u0130stanbul Telefon: 0542 317 98 97 E-Posta: iletisim@yesimselcuk.com \u0130leti\u015fim formu Bilgi almak i\u00e7in l\u00fctfen a\u015fa\u011f\u0131daki formu doldurun.<\/p>","protected":false},"author":1,"featured_media":0,"parent":0,"menu_order":0,"comment_status":"closed","ping_status":"closed","template":"full_width.php","meta":{"_themeisle_gutenberg_block_has_review":false,"footnotes":""},"class_list":["post-225","page","type-page","status-publish","hentry"],"yoast_head":"<!-- This site is optimized with the Yoast SEO plugin v23.0 - https:\/\/yoast.com\/wordpress\/plugins\/seo\/ -->\n<title>\u0130leti\u015fim - Uzman Psikolog Ye\u015fim Sel\u00e7uk<\/title>\n<meta name=\"description\" content=\"Ofis: Fulya Mahallesi, Vefa Aral\u0131\u011f\u0131 SokakOrman Apt. No: 2 Daire: 17Gayrettepe\/ \u0130stanbul | Telefon: 0542 317 98 97 | E-Posta: iletisim@yesimselcuk.com\" \/>\n<meta name=\"robots\" content=\"index, follow, max-snippet:-1, max-image-preview:large, max-video-preview:-1\" \/>\n<link rel=\"canonical\" href=\"https:\/\/yesimselcuk.com\/en\/iletisim\/\" \/>\n<meta property=\"og:locale\" content=\"en_US\" \/>\n<meta property=\"og:type\" content=\"article\" \/>\n<meta property=\"og:title\" content=\"\u0130leti\u015fim - Uzman Psikolog Ye\u015fim Sel\u00e7uk\" \/>\n<meta property=\"og:description\" content=\"Ofis: Fulya Mahallesi, Vefa Aral\u0131\u011f\u0131 SokakOrman Apt. No: 2 Daire: 17Gayrettepe\/ \u0130stanbul | Telefon: 0542 317 98 97 | E-Posta: iletisim@yesimselcuk.com\" \/>\n<meta property=\"og:url\" content=\"https:\/\/yesimselcuk.com\/en\/iletisim\/\" \/>\n<meta property=\"og:site_name\" content=\"Uzman Psikolog Ye\u015fim Sel\u00e7uk\" \/>\n<meta property=\"article:publisher\" content=\"https:\/\/www.facebook.com\/bagimlilikuzmani\" \/>\n<meta property=\"article:modified_time\" content=\"2020-07-16T09:20:22+00:00\" \/>\n<meta property=\"og:image\" content=\"https:\/\/yesimselcuk.com\/wp-content\/uploads\/2020\/07\/Capture.png\" \/>\n<meta name=\"twitter:card\" content=\"summary_large_image\" \/>\n<meta name=\"twitter:site\" content=\"@bagimlilik_uzm\" \/>\n<script type=\"application\/ld+json\" class=\"yoast-schema-graph\">{\"@context\":\"https:\/\/schema.org\",\"@graph\":[{\"@type\":\"WebPage\",\"@id\":\"https:\/\/yesimselcuk.com\/iletisim\/\",\"url\":\"https:\/\/yesimselcuk.com\/iletisim\/\",\"name\":\"\u0130leti\u015fim - Uzman Psikolog Ye\u015fim Sel\u00e7uk\",\"isPartOf\":{\"@id\":\"https:\/\/yesimselcuk.com\/#website\"},\"primaryImageOfPage\":{\"@id\":\"https:\/\/yesimselcuk.com\/iletisim\/#primaryimage\"},\"image\":{\"@id\":\"https:\/\/yesimselcuk.com\/iletisim\/#primaryimage\"},\"thumbnailUrl\":\"https:\/\/yesimselcuk.com\/wp-content\/uploads\/2020\/07\/Capture.png\",\"datePublished\":\"2019-10-09T07:41:58+00:00\",\"dateModified\":\"2020-07-16T09:20:22+00:00\",\"description\":\"Ofis: Fulya Mahallesi, Vefa Aral\u0131\u011f\u0131 SokakOrman Apt. No: 2 Daire: 17Gayrettepe\/ \u0130stanbul | Telefon: 0542 317 98 97 | E-Posta: iletisim@yesimselcuk.com\",\"breadcrumb\":{\"@id\":\"https:\/\/yesimselcuk.com\/iletisim\/#breadcrumb\"},\"inLanguage\":\"en-US\",\"potentialAction\":[{\"@type\":\"ReadAction\",\"target\":[\"https:\/\/yesimselcuk.com\/iletisim\/\"]}]},{\"@type\":\"ImageObject\",\"inLanguage\":\"en-US\",\"@id\":\"https:\/\/yesimselcuk.com\/iletisim\/#primaryimage\",\"url\":\"https:\/\/yesimselcuk.com\/wp-content\/uploads\/2020\/07\/Capture.png\",\"contentUrl\":\"https:\/\/yesimselcuk.com\/wp-content\/uploads\/2020\/07\/Capture.png\"},{\"@type\":\"BreadcrumbList\",\"@id\":\"https:\/\/yesimselcuk.com\/iletisim\/#breadcrumb\",\"itemListElement\":[{\"@type\":\"ListItem\",\"position\":1,\"name\":\"Anasayfa\",\"item\":\"https:\/\/yesimselcuk.com\/\"},{\"@type\":\"ListItem\",\"position\":2,\"name\":\"\u0130leti\u015fim\"}]},{\"@type\":\"WebSite\",\"@id\":\"https:\/\/yesimselcuk.com\/#website\",\"url\":\"https:\/\/yesimselcuk.com\/\",\"name\":\"Uzman Psikolog Ye\u015fim Sel\u00e7uk\",\"description\":\"\",\"publisher\":{\"@id\":\"https:\/\/yesimselcuk.com\/#organization\"},\"potentialAction\":[{\"@type\":\"SearchAction\",\"target\":{\"@type\":\"EntryPoint\",\"urlTemplate\":\"https:\/\/yesimselcuk.com\/?s={search_term_string}\"},\"query-input\":\"required name=search_term_string\"}],\"inLanguage\":\"en-US\"},{\"@type\":\"Organization\",\"@id\":\"https:\/\/yesimselcuk.com\/#organization\",\"name\":\"Ye\u015fim Sel\u00e7uk\",\"url\":\"https:\/\/yesimselcuk.com\/\",\"logo\":{\"@type\":\"ImageObject\",\"inLanguage\":\"en-US\",\"@id\":\"https:\/\/yesimselcuk.com\/#\/schema\/logo\/image\/\",\"url\":\"\",\"contentUrl\":\"\",\"caption\":\"Ye\u015fim Sel\u00e7uk\"},\"image\":{\"@id\":\"https:\/\/yesimselcuk.com\/#\/schema\/logo\/image\/\"},\"sameAs\":[\"https:\/\/www.facebook.com\/bagimlilikuzmani\",\"https:\/\/x.com\/bagimlilik_uzm\",\"https:\/\/www.instagram.com\/mymindfulday\",\"https:\/\/www.linkedin.com\/in\/yesimselcuk\",\"https:\/\/www.youtube.com\/channel\/UCMfOLPPKc3Ev5JNJjdnAYBA\"]}]}<\/script>\n<!-- \/ Yoast SEO plugin. -->","yoast_head_json":{"title":"\u0130leti\u015fim - Uzman Psikolog Ye\u015fim Sel\u00e7uk","description":"Ofis: Fulya Mahallesi, Vefa Aral\u0131\u011f\u0131 SokakOrman Apt. No: 2 Daire: 17Gayrettepe\/ \u0130stanbul | Telefon: 0542 317 98 97 | E-Posta: iletisim@yesimselcuk.com","robots":{"index":"index","follow":"follow","max-snippet":"max-snippet:-1","max-image-preview":"max-image-preview:large","max-video-preview":"max-video-preview:-1"},"canonical":"https:\/\/yesimselcuk.com\/en\/iletisim\/","og_locale":"en_US","og_type":"article","og_title":"\u0130leti\u015fim - Uzman Psikolog Ye\u015fim Sel\u00e7uk","og_description":"Ofis: Fulya Mahallesi, Vefa Aral\u0131\u011f\u0131 SokakOrman Apt. No: 2 Daire: 17Gayrettepe\/ \u0130stanbul | Telefon: 0542 317 98 97 | E-Posta: iletisim@yesimselcuk.com","og_url":"https:\/\/yesimselcuk.com\/en\/iletisim\/","og_site_name":"Uzman Psikolog Ye\u015fim Sel\u00e7uk","article_publisher":"https:\/\/www.facebook.com\/bagimlilikuzmani","article_modified_time":"2020-07-16T09:20:22+00:00","og_image":[{"url":"https:\/\/yesimselcuk.com\/wp-content\/uploads\/2020\/07\/Capture.png"}],"twitter_card":"summary_large_image","twitter_site":"@bagimlilik_uzm","schema":{"@context":"https:\/\/schema.org","@graph":[{"@type":"WebPage","@id":"https:\/\/yesimselcuk.com\/iletisim\/","url":"https:\/\/yesimselcuk.com\/iletisim\/","name":"\u0130leti\u015fim - Uzman Psikolog Ye\u015fim Sel\u00e7uk","isPartOf":{"@id":"https:\/\/yesimselcuk.com\/#website"},"primaryImageOfPage":{"@id":"https:\/\/yesimselcuk.com\/iletisim\/#primaryimage"},"image":{"@id":"https:\/\/yesimselcuk.com\/iletisim\/#primaryimage"},"thumbnailUrl":"https:\/\/yesimselcuk.com\/wp-content\/uploads\/2020\/07\/Capture.png","datePublished":"2019-10-09T07:41:58+00:00","dateModified":"2020-07-16T09:20:22+00:00","description":"Ofis: Fulya Mahallesi, Vefa Aral\u0131\u011f\u0131 SokakOrman Apt. No: 2 Daire: 17Gayrettepe\/ \u0130stanbul | Telefon: 0542 317 98 97 | E-Posta: iletisim@yesimselcuk.com","breadcrumb":{"@id":"https:\/\/yesimselcuk.com\/iletisim\/#breadcrumb"},"inLanguage":"en-US","potentialAction":[{"@type":"ReadAction","target":["https:\/\/yesimselcuk.com\/iletisim\/"]}]},{"@type":"ImageObject","inLanguage":"en-US","@id":"https:\/\/yesimselcuk.com\/iletisim\/#primaryimage","url":"https:\/\/yesimselcuk.com\/wp-content\/uploads\/2020\/07\/Capture.png","contentUrl":"https:\/\/yesimselcuk.com\/wp-content\/uploads\/2020\/07\/Capture.png"},{"@type":"BreadcrumbList","@id":"https:\/\/yesimselcuk.com\/iletisim\/#breadcrumb","itemListElement":[{"@type":"ListItem","position":1,"name":"Anasayfa","item":"https:\/\/yesimselcuk.com\/"},{"@type":"ListItem","position":2,"name":"\u0130leti\u015fim"}]},{"@type":"WebSite","@id":"https:\/\/yesimselcuk.com\/#website","url":"https:\/\/yesimselcuk.com\/","name":"Uzman Psikolog Ye\u015fim Sel\u00e7uk","description":"","publisher":{"@id":"https:\/\/yesimselcuk.com\/#organization"},"potentialAction":[{"@type":"SearchAction","target":{"@type":"EntryPoint","urlTemplate":"https:\/\/yesimselcuk.com\/?s={search_term_string}"},"query-input":"required name=search_term_string"}],"inLanguage":"en-US"},{"@type":"Organization","@id":"https:\/\/yesimselcuk.com\/#organization","name":"Ye\u015fim Sel\u00e7uk","url":"https:\/\/yesimselcuk.com\/","logo":{"@type":"ImageObject","inLanguage":"en-US","@id":"https:\/\/yesimselcuk.com\/#\/schema\/logo\/image\/","url":"","contentUrl":"","caption":"Ye\u015fim Sel\u00e7uk"},"image":{"@id":"https:\/\/yesimselcuk.com\/#\/schema\/logo\/image\/"},"sameAs":["https:\/\/www.facebook.com\/bagimlilikuzmani","https:\/\/x.com\/bagimlilik_uzm","https:\/\/www.instagram.com\/mymindfulday","https:\/\/www.linkedin.com\/in\/yesimselcuk","https:\/\/www.youtube.com\/channel\/UCMfOLPPKc3Ev5JNJjdnAYBA"]}]}},"_links":{"self":[{"href":"https:\/\/yesimselcuk.com\/en\/wp-json\/wp\/v2\/pages\/225"}],"collection":[{"href":"https:\/\/yesimselcuk.com\/en\/wp-json\/wp\/v2\/pages"}],"about":[{"href":"https:\/\/yesimselcuk.com\/en\/wp-json\/wp\/v2\/types\/page"}],"author":[{"embeddable":true,"href":"https:\/\/yesimselcuk.com\/en\/wp-json\/wp\/v2\/users\/1"}],"replies":[{"embeddable":true,"href":"https:\/\/yesimselcuk.com\/en\/wp-json\/wp\/v2\/comments?post=225"}],"version-history":[{"count":18,"href":"https:\/\/yesimselcuk.com\/en\/wp-json\/wp\/v2\/pages\/225\/revisions"}],"predecessor-version":[{"id":968,"href":"https:\/\/yesimselcuk.com\/en\/wp-json\/wp\/v2\/pages\/225\/revisions\/968"}],"wp:attachment":[{"href":"https:\/\/yesimselcuk.com\/en\/wp-json\/wp\/v2\/media?parent=225"}],"curies":[{"name":"wp","href":"https:\/\/api.w.org\/{rel}","templated":true}]}}