{"id":654,"date":"2020-07-01T12:33:48","date_gmt":"2020-07-01T12:33:48","guid":{"rendered":"https:\/\/yesimselcuk.com\/?page_id=654"},"modified":"2020-08-14T12:17:19","modified_gmt":"2020-08-14T12:17:19","slug":"egitim-ve-projeler","status":"publish","type":"page","link":"https:\/\/yesimselcuk.com\/en\/egitim-ve-projeler\/","title":{"rendered":"Trainings and Projects"},"content":{"rendered":"<div data-elementor-type=\"wp-page\" data-elementor-id=\"654\" class=\"elementor elementor-654\" data-elementor-post-type=\"page\">\n\t\t\t\t\t\t<section data-particle_enable=\"false\" data-particle-mobile-disabled=\"false\" class=\"elementor-section elementor-top-section elementor-element elementor-element-37a0bd39 animated-fast elementor-section-boxed elementor-section-height-default elementor-section-height-default parallax_section_no qode_elementor_container_no elementor-invisible\" data-id=\"37a0bd39\" data-element_type=\"section\" data-settings=\"{&quot;animation&quot;:&quot;fadeInDown&quot;,&quot;animation_delay&quot;:250}\">\n\t\t\t\t\t\t<div class=\"elementor-container elementor-column-gap-default\">\n\t\t\t\t\t<div class=\"elementor-column elementor-col-100 elementor-top-column elementor-element elementor-element-42b39716\" data-id=\"42b39716\" data-element_type=\"column\">\n\t\t\t<div class=\"elementor-widget-wrap elementor-element-populated\">\n\t\t\t\t\t\t<div class=\"elementor-element elementor-element-ba533ea elementor-widget elementor-widget-heading\" data-id=\"ba533ea\" data-element_type=\"widget\" data-widget_type=\"heading.default\">\n\t\t\t\t<div class=\"elementor-widget-container\">\n\t\t\t<h2 class=\"elementor-heading-title elementor-size-default\">Trainings and Projects<\/h2>\t\t<\/div>\n\t\t\t\t<\/div>\n\t\t\t\t\t<\/div>\n\t\t<\/div>\n\t\t\t\t\t<\/div>\n\t\t<\/section>\n\t\t\t\t<section data-particle_enable=\"false\" data-particle-mobile-disabled=\"false\" class=\"elementor-section elementor-top-section elementor-element elementor-element-d0424b3 animated-fast elementor-section-boxed elementor-section-height-default elementor-section-height-default parallax_section_no qode_elementor_container_no elementor-invisible\" data-id=\"d0424b3\" data-element_type=\"section\" data-settings=\"{&quot;animation&quot;:&quot;fadeInLeft&quot;}\">\n\t\t\t\t\t\t<div class=\"elementor-container elementor-column-gap-default\">\n\t\t\t\t\t<div class=\"elementor-column elementor-col-100 elementor-top-column elementor-element elementor-element-0aee0c6\" data-id=\"0aee0c6\" data-element_type=\"column\">\n\t\t\t<div class=\"elementor-widget-wrap elementor-element-populated\">\n\t\t\t\t\t\t<div class=\"elementor-element elementor-element-2232cf3 elementor-headline--style-highlight elementor-widget elementor-widget-animated-headline\" data-id=\"2232cf3\" data-element_type=\"widget\" data-settings=\"{&quot;highlighted_text&quot;:&quot;E\\u011fitim Tasar\\u0131m\\u0131 ve E\\u011fitmenlik&quot;,&quot;marker&quot;:&quot;underline&quot;,&quot;headline_style&quot;:&quot;highlight&quot;,&quot;loop&quot;:&quot;yes&quot;,&quot;highlight_animation_duration&quot;:1200,&quot;highlight_iteration_delay&quot;:8000}\" data-widget_type=\"animated-headline.default\">\n\t\t\t\t<div class=\"elementor-widget-container\">\n\t\t\t\t\t<h6 class=\"elementor-headline\">\n\t\t\t\t<span class=\"elementor-headline-dynamic-wrapper elementor-headline-text-wrapper\">\n\t\t\t\t\t<span class=\"elementor-headline-dynamic-text elementor-headline-text-active\">Trainings<\/span>\n\t\t\t\t<\/span>\n\t\t\t\t<\/h6>\n\t\t\t\t<\/div>\n\t\t\t\t<\/div>\n\t\t\t\t<div class=\"elementor-element elementor-element-29be7279 elementor-align-center elementor-icon-list--layout-traditional elementor-list-item-link-full_width elementor-widget elementor-widget-icon-list\" data-id=\"29be7279\" data-element_type=\"widget\" data-widget_type=\"icon-list.default\">\n\t\t\t\t<div class=\"elementor-widget-container\">\n\t\t\t\t\t<ul class=\"elementor-icon-list-items\">\n\t\t\t\t\t\t\t<li class=\"elementor-icon-list-item\">\n\t\t\t\t\t\t\t\t\t\t\t<span class=\"elementor-icon-list-icon\">\n\t\t\t\t\t\t\t<i aria-hidden=\"true\" class=\"far fa-circle\"><\/i>\t\t\t\t\t\t<\/span>\n\t\t\t\t\t\t\t\t\t\t<span class=\"elementor-icon-list-text\">Giving structured or interactive trainings for:<br> \u2022\tPublic institutions<br> \u2022\tPrivate sector <br> \u2022\tEducational institutions<br>\u2022\tHealth institutions<\/span>\n\t\t\t\t\t\t\t\t\t<\/li>\n\t\t\t\t\t\t<\/ul>\n\t\t\t\t<\/div>\n\t\t\t\t<\/div>\n\t\t\t\t\t<\/div>\n\t\t<\/div>\n\t\t\t\t\t<\/div>\n\t\t<\/section>\n\t\t\t\t<section data-particle_enable=\"false\" data-particle-mobile-disabled=\"false\" class=\"elementor-section elementor-top-section elementor-element elementor-element-534038f animated-fast elementor-section-boxed elementor-section-height-default elementor-section-height-default parallax_section_no qode_elementor_container_no elementor-invisible\" data-id=\"534038f\" data-element_type=\"section\" data-settings=\"{&quot;animation&quot;:&quot;fadeInRight&quot;}\">\n\t\t\t\t\t\t<div class=\"elementor-container elementor-column-gap-default\">\n\t\t\t\t\t<div class=\"elementor-column elementor-col-50 elementor-top-column elementor-element elementor-element-0bbee35\" data-id=\"0bbee35\" data-element_type=\"column\">\n\t\t\t<div class=\"elementor-widget-wrap elementor-element-populated\">\n\t\t\t\t\t\t<div class=\"elementor-element elementor-element-d7e2e4d elementor-headline--style-highlight elementor-widget elementor-widget-animated-headline\" data-id=\"d7e2e4d\" data-element_type=\"widget\" data-settings=\"{&quot;marker&quot;:&quot;underline&quot;,&quot;highlighted_text&quot;:&quot;Proje Dan\\u0131\\u015fmanl\\u0131\\u011f\\u0131&quot;,&quot;headline_style&quot;:&quot;highlight&quot;,&quot;loop&quot;:&quot;yes&quot;,&quot;highlight_animation_duration&quot;:1200,&quot;highlight_iteration_delay&quot;:8000}\" data-widget_type=\"animated-headline.default\">\n\t\t\t\t<div class=\"elementor-widget-container\">\n\t\t\t\t\t<h6 class=\"elementor-headline\">\n\t\t\t\t<span class=\"elementor-headline-dynamic-wrapper elementor-headline-text-wrapper\">\n\t\t\t\t\t<span class=\"elementor-headline-dynamic-text elementor-headline-text-active\">Project consultation<\/span>\n\t\t\t\t<\/span>\n\t\t\t\t<\/h6>\n\t\t\t\t<\/div>\n\t\t\t\t<\/div>\n\t\t\t\t<div class=\"elementor-element elementor-element-516bd91 elementor-icon-list--layout-traditional elementor-list-item-link-full_width elementor-widget elementor-widget-icon-list\" data-id=\"516bd91\" data-element_type=\"widget\" data-widget_type=\"icon-list.default\">\n\t\t\t\t<div class=\"elementor-widget-container\">\n\t\t\t\t\t<ul class=\"elementor-icon-list-items\">\n\t\t\t\t\t\t\t<li class=\"elementor-icon-list-item\">\n\t\t\t\t\t\t\t\t\t\t\t<span class=\"elementor-icon-list-icon\">\n\t\t\t\t\t\t\t<i aria-hidden=\"true\" class=\"far fa-circle\"><\/i>\t\t\t\t\t\t<\/span>\n\t\t\t\t\t\t\t\t\t\t<span class=\"elementor-icon-list-text\">Project consultancy for:<br>\n\u00a0\u00a0\u00a0\u00a0\u2022 Public institutions<br>\n\u00a0\u00a0\u00a0\u00a0\u2022 Private institutions<br>\n\u00a0\u00a0\u00a0\u00a0\u2022 NGOs<br>\n\u00a0\u00a0\u00a0\u00a0\u2022 Wducational institutions<br>\n\u00a0&nbsp;\u00a0\u00a0\u2022 Individuals\u00a0  <\/span>\n\t\t\t\t\t\t\t\t\t<\/li>\n\t\t\t\t\t\t\t\t<li class=\"elementor-icon-list-item\">\n\t\t\t\t\t\t\t\t\t\t\t<span class=\"elementor-icon-list-icon\">\n\t\t\t\t\t\t\t<i aria-hidden=\"true\" class=\"far fa-circle\"><\/i>\t\t\t\t\t\t<\/span>\n\t\t\t\t\t\t\t\t\t\t<span class=\"elementor-icon-list-text\">Especially related topics: addiction, immigration, violence, discrimination, and gender.<\/span>\n\t\t\t\t\t\t\t\t\t<\/li>\n\t\t\t\t\t\t<\/ul>\n\t\t\t\t<\/div>\n\t\t\t\t<\/div>\n\t\t\t\t\t<\/div>\n\t\t<\/div>\n\t\t\t\t<div class=\"elementor-column elementor-col-50 elementor-top-column elementor-element elementor-element-a0d1b32\" data-id=\"a0d1b32\" data-element_type=\"column\">\n\t\t\t<div class=\"elementor-widget-wrap elementor-element-populated\">\n\t\t\t\t\t\t<div class=\"elementor-element elementor-element-4b7ac39 elementor-headline--style-highlight elementor-widget elementor-widget-animated-headline\" data-id=\"4b7ac39\" data-element_type=\"widget\" data-settings=\"{&quot;marker&quot;:&quot;underline&quot;,&quot;highlighted_text&quot;:&quot;S\\u00fcpervizyon&quot;,&quot;headline_style&quot;:&quot;highlight&quot;,&quot;loop&quot;:&quot;yes&quot;,&quot;highlight_animation_duration&quot;:1200,&quot;highlight_iteration_delay&quot;:8000}\" data-widget_type=\"animated-headline.default\">\n\t\t\t\t<div class=\"elementor-widget-container\">\n\t\t\t\t\t<h6 class=\"elementor-headline\">\n\t\t\t\t<span class=\"elementor-headline-dynamic-wrapper elementor-headline-text-wrapper\">\n\t\t\t\t\t<span class=\"elementor-headline-dynamic-text elementor-headline-text-active\">Supervision<\/span>\n\t\t\t\t<\/span>\n\t\t\t\t<\/h6>\n\t\t\t\t<\/div>\n\t\t\t\t<\/div>\n\t\t\t\t<div class=\"elementor-element elementor-element-fd0ef62 elementor-icon-list--layout-traditional elementor-list-item-link-full_width elementor-widget elementor-widget-icon-list\" data-id=\"fd0ef62\" data-element_type=\"widget\" data-widget_type=\"icon-list.default\">\n\t\t\t\t<div class=\"elementor-widget-container\">\n\t\t\t\t\t<ul class=\"elementor-icon-list-items\">\n\t\t\t\t\t\t\t<li class=\"elementor-icon-list-item\">\n\t\t\t\t\t\t\t\t\t\t\t<span class=\"elementor-icon-list-icon\">\n\t\t\t\t\t\t\t<i aria-hidden=\"true\" class=\"far fa-circle\"><\/i>\t\t\t\t\t\t<\/span>\n\t\t\t\t\t\t\t\t\t\t<span class=\"elementor-icon-list-text\">Individual supervision and group supervision for people who:<br>\n\u00a0\u00a0\u00a0\u00a0\u2022 work in fields such as addiction, trauma, LGBTI+, and refugee <br>\n\u00a0&nbsp;\u00a0\u00a0\u2022 provide facilitation or conducts support groups.<\/span>\n\t\t\t\t\t\t\t\t\t<\/li>\n\t\t\t\t\t\t<\/ul>\n\t\t\t\t<\/div>\n\t\t\t\t<\/div>\n\t\t\t\t\t<\/div>\n\t\t<\/div>\n\t\t\t\t\t<\/div>\n\t\t<\/section>\n\t\t\t\t<section data-particle_enable=\"false\" data-particle-mobile-disabled=\"false\" class=\"elementor-section elementor-top-section elementor-element elementor-element-4ee472f elementor-section-boxed elementor-section-height-default elementor-section-height-default parallax_section_no qode_elementor_container_no\" data-id=\"4ee472f\" data-element_type=\"section\" data-settings=\"{&quot;animation&quot;:&quot;none&quot;}\">\n\t\t\t\t\t\t<div class=\"elementor-container elementor-column-gap-default\">\n\t\t\t\t\t<div class=\"elementor-column elementor-col-50 elementor-top-column elementor-element elementor-element-4b9ef5d\" data-id=\"4b9ef5d\" data-element_type=\"column\">\n\t\t\t<div class=\"elementor-widget-wrap elementor-element-populated\">\n\t\t\t\t\t\t<div class=\"elementor-element elementor-element-161aec9 elementor-headline--style-highlight elementor-widget elementor-widget-animated-headline\" data-id=\"161aec9\" data-element_type=\"widget\" data-settings=\"{&quot;marker&quot;:&quot;underline&quot;,&quot;highlighted_text&quot;:&quot;Proje Yaz\\u0131m\\u0131 ve Koordinasyonu&quot;,&quot;headline_style&quot;:&quot;highlight&quot;,&quot;loop&quot;:&quot;yes&quot;,&quot;highlight_animation_duration&quot;:1200,&quot;highlight_iteration_delay&quot;:8000}\" data-widget_type=\"animated-headline.default\">\n\t\t\t\t<div class=\"elementor-widget-container\">\n\t\t\t\t\t<h6 class=\"elementor-headline\">\n\t\t\t\t<span class=\"elementor-headline-dynamic-wrapper elementor-headline-text-wrapper\">\n\t\t\t\t\t<span class=\"elementor-headline-dynamic-text elementor-headline-text-active\">Project development and project coordination<\/span>\n\t\t\t\t<\/span>\n\t\t\t\t<\/h6>\n\t\t\t\t<\/div>\n\t\t\t\t<\/div>\n\t\t\t\t<div class=\"elementor-element elementor-element-2516247 elementor-icon-list--layout-traditional elementor-list-item-link-full_width elementor-widget elementor-widget-icon-list\" data-id=\"2516247\" data-element_type=\"widget\" data-widget_type=\"icon-list.default\">\n\t\t\t\t<div class=\"elementor-widget-container\">\n\t\t\t\t\t<ul class=\"elementor-icon-list-items\">\n\t\t\t\t\t\t\t<li class=\"elementor-icon-list-item\">\n\t\t\t\t\t\t\t\t\t\t\t<span class=\"elementor-icon-list-icon\">\n\t\t\t\t\t\t\t<i aria-hidden=\"true\" class=\"far fa-circle\"><\/i>\t\t\t\t\t\t<\/span>\n\t\t\t\t\t\t\t\t\t\t<span class=\"elementor-icon-list-text\">Developing and coordinating projects, and creating grant proposals for grant programs of national and international donors, especially in the field of psychosocial support.<\/span>\n\t\t\t\t\t\t\t\t\t<\/li>\n\t\t\t\t\t\t<\/ul>\n\t\t\t\t<\/div>\n\t\t\t\t<\/div>\n\t\t\t\t\t<\/div>\n\t\t<\/div>\n\t\t\t\t<div class=\"elementor-column elementor-col-50 elementor-top-column elementor-element elementor-element-d52c8ba\" data-id=\"d52c8ba\" data-element_type=\"column\">\n\t\t\t<div class=\"elementor-widget-wrap elementor-element-populated\">\n\t\t\t\t\t\t<div class=\"elementor-element elementor-element-0dfafdc elementor-headline--style-highlight elementor-widget elementor-widget-animated-headline\" data-id=\"0dfafdc\" data-element_type=\"widget\" data-settings=\"{&quot;marker&quot;:&quot;underline&quot;,&quot;highlighted_text&quot;:&quot;Savunuculuk ve sosyal politika geli\\u015ftirme&quot;,&quot;headline_style&quot;:&quot;highlight&quot;,&quot;loop&quot;:&quot;yes&quot;,&quot;highlight_animation_duration&quot;:1200,&quot;highlight_iteration_delay&quot;:8000}\" data-widget_type=\"animated-headline.default\">\n\t\t\t\t<div class=\"elementor-widget-container\">\n\t\t\t\t\t<h6 class=\"elementor-headline\">\n\t\t\t\t<span class=\"elementor-headline-dynamic-wrapper elementor-headline-text-wrapper\">\n\t\t\t\t\t<span class=\"elementor-headline-dynamic-text elementor-headline-text-active\">Advocacy and social policy making<\/span>\n\t\t\t\t<\/span>\n\t\t\t\t<\/h6>\n\t\t\t\t<\/div>\n\t\t\t\t<\/div>\n\t\t\t\t<div class=\"elementor-element elementor-element-f914b64 elementor-icon-list--layout-traditional elementor-list-item-link-full_width elementor-widget elementor-widget-icon-list\" data-id=\"f914b64\" data-element_type=\"widget\" data-widget_type=\"icon-list.default\">\n\t\t\t\t<div class=\"elementor-widget-container\">\n\t\t\t\t\t<ul class=\"elementor-icon-list-items\">\n\t\t\t\t\t\t\t<li class=\"elementor-icon-list-item\">\n\t\t\t\t\t\t\t\t\t\t\t<span class=\"elementor-icon-list-icon\">\n\t\t\t\t\t\t\t<i aria-hidden=\"true\" class=\"far fa-circle\"><\/i>\t\t\t\t\t\t<\/span>\n\t\t\t\t\t\t\t\t\t\t<span class=\"elementor-icon-list-text\">Providing group works for sharing experiences<br> \nGiving seminars\/panels, and joining campaigns<br>\nCreating EIC materials <\/span>\n\t\t\t\t\t\t\t\t\t<\/li>\n\t\t\t\t\t\t<\/ul>\n\t\t\t\t<\/div>\n\t\t\t\t<\/div>\n\t\t\t\t\t<\/div>\n\t\t<\/div>\n\t\t\t\t\t<\/div>\n\t\t<\/section>\n\t\t\t\t<\/div>","protected":false},"excerpt":{"rendered":"<p>E\u011fitim ve Projeler \u2022 &nbsp;Kamu kurumlar\u0131na d\u00f6n\u00fck yap\u0131land\u0131r\u0131lm\u0131\u015f ya da interaktif e\u011fitim \u00e7al\u0131\u015fmalar\u0131 \u2022 &nbsp;\u0130\u015f yerleri ve \u00f6zel sekt\u00f6re d\u00f6n\u00fck yap\u0131land\u0131r\u0131lm\u0131\u015f ya da interaktif e\u011fitim \u00e7al\u0131\u015fmalar\u0131 \u2022 &nbsp;E\u011fitim kurumlar\u0131 \u00e7al\u0131\u015fanlar\u0131, veliler ve \u00f6\u011frencilere d\u00f6n\u00fck yap\u0131land\u0131r\u0131lm\u0131\u015f ya da interaktif e\u011fitim \u00e7al\u0131\u015fmalar\u0131 \u2022 &nbsp;Sa\u011fl\u0131k kurumlar\u0131na d\u00f6n\u00fck yap\u0131land\u0131r\u0131lm\u0131\u015f&#8230;<\/p>","protected":false},"author":1,"featured_media":0,"parent":0,"menu_order":0,"comment_status":"closed","ping_status":"closed","template":"full_width.php","meta":{"_themeisle_gutenberg_block_has_review":false,"footnotes":""},"class_list":["post-654","page","type-page","status-publish","hentry"],"yoast_head":"<!-- This site is optimized with the Yoast SEO plugin v23.0 - https:\/\/yoast.com\/wordpress\/plugins\/seo\/ -->\n<title>E\u011fitim ve Projeler - Uzman Psikolog Ye\u015fim Sel\u00e7uk<\/title>\n<meta name=\"description\" content=\"E\u011fitim ve projeler hakk\u0131nda bilgiler.\" \/>\n<meta name=\"robots\" content=\"index, follow, max-snippet:-1, max-image-preview:large, max-video-preview:-1\" \/>\n<link rel=\"canonical\" href=\"https:\/\/yesimselcuk.com\/en\/egitim-ve-projeler\/\" \/>\n<meta property=\"og:locale\" content=\"en_US\" \/>\n<meta property=\"og:type\" content=\"article\" \/>\n<meta property=\"og:title\" content=\"E\u011fitim ve Projeler - Uzman Psikolog Ye\u015fim Sel\u00e7uk\" \/>\n<meta property=\"og:description\" content=\"E\u011fitim ve projeler hakk\u0131nda bilgiler.\" \/>\n<meta property=\"og:url\" content=\"https:\/\/yesimselcuk.com\/en\/egitim-ve-projeler\/\" \/>\n<meta property=\"og:site_name\" content=\"Uzman Psikolog Ye\u015fim Sel\u00e7uk\" \/>\n<meta property=\"article:publisher\" content=\"https:\/\/www.facebook.com\/bagimlilikuzmani\" \/>\n<meta property=\"article:modified_time\" content=\"2020-08-14T12:17:19+00:00\" \/>\n<meta name=\"twitter:card\" content=\"summary_large_image\" \/>\n<meta name=\"twitter:site\" content=\"@bagimlilik_uzm\" \/>\n<meta name=\"twitter:label1\" content=\"Est. reading time\" \/>\n\t<meta name=\"twitter:data1\" content=\"1 minute\" \/>\n<script type=\"application\/ld+json\" class=\"yoast-schema-graph\">{\"@context\":\"https:\/\/schema.org\",\"@graph\":[{\"@type\":\"WebPage\",\"@id\":\"https:\/\/yesimselcuk.com\/egitim-ve-projeler\/\",\"url\":\"https:\/\/yesimselcuk.com\/egitim-ve-projeler\/\",\"name\":\"E\u011fitim ve Projeler - Uzman Psikolog Ye\u015fim Sel\u00e7uk\",\"isPartOf\":{\"@id\":\"https:\/\/yesimselcuk.com\/#website\"},\"datePublished\":\"2020-07-01T12:33:48+00:00\",\"dateModified\":\"2020-08-14T12:17:19+00:00\",\"description\":\"E\u011fitim ve projeler hakk\u0131nda bilgiler.\",\"breadcrumb\":{\"@id\":\"https:\/\/yesimselcuk.com\/egitim-ve-projeler\/#breadcrumb\"},\"inLanguage\":\"en-US\",\"potentialAction\":[{\"@type\":\"ReadAction\",\"target\":[\"https:\/\/yesimselcuk.com\/egitim-ve-projeler\/\"]}]},{\"@type\":\"BreadcrumbList\",\"@id\":\"https:\/\/yesimselcuk.com\/egitim-ve-projeler\/#breadcrumb\",\"itemListElement\":[{\"@type\":\"ListItem\",\"position\":1,\"name\":\"Anasayfa\",\"item\":\"https:\/\/yesimselcuk.com\/\"},{\"@type\":\"ListItem\",\"position\":2,\"name\":\"E\u011fitim ve Projeler\"}]},{\"@type\":\"WebSite\",\"@id\":\"https:\/\/yesimselcuk.com\/#website\",\"url\":\"https:\/\/yesimselcuk.com\/\",\"name\":\"Uzman Psikolog Ye\u015fim Sel\u00e7uk\",\"description\":\"\",\"publisher\":{\"@id\":\"https:\/\/yesimselcuk.com\/#organization\"},\"potentialAction\":[{\"@type\":\"SearchAction\",\"target\":{\"@type\":\"EntryPoint\",\"urlTemplate\":\"https:\/\/yesimselcuk.com\/?s={search_term_string}\"},\"query-input\":\"required name=search_term_string\"}],\"inLanguage\":\"en-US\"},{\"@type\":\"Organization\",\"@id\":\"https:\/\/yesimselcuk.com\/#organization\",\"name\":\"Ye\u015fim Sel\u00e7uk\",\"url\":\"https:\/\/yesimselcuk.com\/\",\"logo\":{\"@type\":\"ImageObject\",\"inLanguage\":\"en-US\",\"@id\":\"https:\/\/yesimselcuk.com\/#\/schema\/logo\/image\/\",\"url\":\"\",\"contentUrl\":\"\",\"caption\":\"Ye\u015fim Sel\u00e7uk\"},\"image\":{\"@id\":\"https:\/\/yesimselcuk.com\/#\/schema\/logo\/image\/\"},\"sameAs\":[\"https:\/\/www.facebook.com\/bagimlilikuzmani\",\"https:\/\/x.com\/bagimlilik_uzm\",\"https:\/\/www.instagram.com\/mymindfulday\",\"https:\/\/www.linkedin.com\/in\/yesimselcuk\",\"https:\/\/www.youtube.com\/channel\/UCMfOLPPKc3Ev5JNJjdnAYBA\"]}]}<\/script>\n<!-- \/ Yoast SEO plugin. -->","yoast_head_json":{"title":"E\u011fitim ve Projeler - Uzman Psikolog Ye\u015fim Sel\u00e7uk","description":"E\u011fitim ve projeler hakk\u0131nda bilgiler.","robots":{"index":"index","follow":"follow","max-snippet":"max-snippet:-1","max-image-preview":"max-image-preview:large","max-video-preview":"max-video-preview:-1"},"canonical":"https:\/\/yesimselcuk.com\/en\/egitim-ve-projeler\/","og_locale":"en_US","og_type":"article","og_title":"E\u011fitim ve Projeler - Uzman Psikolog Ye\u015fim Sel\u00e7uk","og_description":"E\u011fitim ve projeler hakk\u0131nda bilgiler.","og_url":"https:\/\/yesimselcuk.com\/en\/egitim-ve-projeler\/","og_site_name":"Uzman Psikolog Ye\u015fim Sel\u00e7uk","article_publisher":"https:\/\/www.facebook.com\/bagimlilikuzmani","article_modified_time":"2020-08-14T12:17:19+00:00","twitter_card":"summary_large_image","twitter_site":"@bagimlilik_uzm","twitter_misc":{"Est. reading time":"1 minute"},"schema":{"@context":"https:\/\/schema.org","@graph":[{"@type":"WebPage","@id":"https:\/\/yesimselcuk.com\/egitim-ve-projeler\/","url":"https:\/\/yesimselcuk.com\/egitim-ve-projeler\/","name":"E\u011fitim ve Projeler - Uzman Psikolog Ye\u015fim Sel\u00e7uk","isPartOf":{"@id":"https:\/\/yesimselcuk.com\/#website"},"datePublished":"2020-07-01T12:33:48+00:00","dateModified":"2020-08-14T12:17:19+00:00","description":"E\u011fitim ve projeler hakk\u0131nda bilgiler.","breadcrumb":{"@id":"https:\/\/yesimselcuk.com\/egitim-ve-projeler\/#breadcrumb"},"inLanguage":"en-US","potentialAction":[{"@type":"ReadAction","target":["https:\/\/yesimselcuk.com\/egitim-ve-projeler\/"]}]},{"@type":"BreadcrumbList","@id":"https:\/\/yesimselcuk.com\/egitim-ve-projeler\/#breadcrumb","itemListElement":[{"@type":"ListItem","position":1,"name":"Anasayfa","item":"https:\/\/yesimselcuk.com\/"},{"@type":"ListItem","position":2,"name":"E\u011fitim ve Projeler"}]},{"@type":"WebSite","@id":"https:\/\/yesimselcuk.com\/#website","url":"https:\/\/yesimselcuk.com\/","name":"Uzman Psikolog Ye\u015fim Sel\u00e7uk","description":"","publisher":{"@id":"https:\/\/yesimselcuk.com\/#organization"},"potentialAction":[{"@type":"SearchAction","target":{"@type":"EntryPoint","urlTemplate":"https:\/\/yesimselcuk.com\/?s={search_term_string}"},"query-input":"required name=search_term_string"}],"inLanguage":"en-US"},{"@type":"Organization","@id":"https:\/\/yesimselcuk.com\/#organization","name":"Ye\u015fim Sel\u00e7uk","url":"https:\/\/yesimselcuk.com\/","logo":{"@type":"ImageObject","inLanguage":"en-US","@id":"https:\/\/yesimselcuk.com\/#\/schema\/logo\/image\/","url":"","contentUrl":"","caption":"Ye\u015fim Sel\u00e7uk"},"image":{"@id":"https:\/\/yesimselcuk.com\/#\/schema\/logo\/image\/"},"sameAs":["https:\/\/www.facebook.com\/bagimlilikuzmani","https:\/\/x.com\/bagimlilik_uzm","https:\/\/www.instagram.com\/mymindfulday","https:\/\/www.linkedin.com\/in\/yesimselcuk","https:\/\/www.youtube.com\/channel\/UCMfOLPPKc3Ev5JNJjdnAYBA"]}]}},"_links":{"self":[{"href":"https:\/\/yesimselcuk.com\/en\/wp-json\/wp\/v2\/pages\/654"}],"collection":[{"href":"https:\/\/yesimselcuk.com\/en\/wp-json\/wp\/v2\/pages"}],"about":[{"href":"https:\/\/yesimselcuk.com\/en\/wp-json\/wp\/v2\/types\/page"}],"author":[{"embeddable":true,"href":"https:\/\/yesimselcuk.com\/en\/wp-json\/wp\/v2\/users\/1"}],"replies":[{"embeddable":true,"href":"https:\/\/yesimselcuk.com\/en\/wp-json\/wp\/v2\/comments?post=654"}],"version-history":[{"count":32,"href":"https:\/\/yesimselcuk.com\/en\/wp-json\/wp\/v2\/pages\/654\/revisions"}],"predecessor-version":[{"id":1054,"href":"https:\/\/yesimselcuk.com\/en\/wp-json\/wp\/v2\/pages\/654\/revisions\/1054"}],"wp:attachment":[{"href":"https:\/\/yesimselcuk.com\/en\/wp-json\/wp\/v2\/media?parent=654"}],"curies":[{"name":"wp","href":"https:\/\/api.w.org\/{rel}","templated":true}]}}